{"id":164,"date":"2024-11-26T21:59:34","date_gmt":"2024-11-26T21:59:34","guid":{"rendered":"https:\/\/lifefitness26.wpenginepowered.com\/?page_id=164"},"modified":"2025-01-15T18:09:30","modified_gmt":"2025-01-15T18:09:30","slug":"support","status":"publish","type":"page","link":"https:\/\/lifefitnesscanada.com\/fr\/support\/","title":{"rendered":"Soutien"},"content":{"rendered":"<section class=\"Block-Section CLR alignfull\" id=\"block_a25f4a25c272b2ac3bc536583547ceb9\"\r\n\tstyle=\"padding-top: 60px;padding-bottom: 60px;\">\r\n\r\n\t\r\n\t\r\n\t<div class=\"Block-Section-Inner CLR\" style=\"max-width: 1280px;\">\r\n\r\n\t\t\n\n<div class=\"wp-block-columns Mobile-No-Gap is-layout-flex wp-container-core-columns-is-layout-9d6595d7 wp-block-columns-is-layout-flex\">\n<div class=\"wp-block-column is-layout-flow wp-block-column-is-layout-flow\">\n<h1 class=\"wp-block-heading No-Padding Line-Height-1-3\" style=\"font-size:2.5rem;font-style:normal;font-weight:400;letter-spacing:1px;text-transform:uppercase\">Comment \u00e7a marche<\/h1>\n<\/div>\n\n\n\n<div class=\"wp-block-column is-layout-flow wp-block-column-is-layout-flow\">\n<p>Parcourez notre vaste catalogue d&#039;\u00e9quipements, puis cliquez sur le bouton \u00ab CONTACT \u00bb pour remplir notre formulaire et un repr\u00e9sentant vous contactera dans quelques jours ouvrables pour vous aider \u00e0 construire l&#039;installation de vos r\u00eaves.<\/p>\n<\/div>\n<\/div>\n\n\n\n<div style=\"height:60px\" aria-hidden=\"true\" class=\"wp-block-spacer Desktop-Only\"><\/div>\n\n\n\n<div style=\"height:30px\" aria-hidden=\"true\" class=\"wp-block-spacer Mobile-Only\"><\/div>\n\n\n\n<figure class=\"wp-block-image size-full Display-Block Margin-Auto\"><img loading=\"lazy\" decoding=\"async\" width=\"2471\" height=\"1304\" src=\"https:\/\/lifefitnesscanada.com\/wp-content\/uploads\/2024\/11\/Pic-Page-Support.png\" alt=\"\" class=\"wp-image-251\" srcset=\"https:\/\/lifefitnesscanada.com\/wp-content\/uploads\/2024\/11\/Pic-Page-Support.png 2471w, https:\/\/lifefitnesscanada.com\/wp-content\/uploads\/2024\/11\/Pic-Page-Support-300x158.png 300w, https:\/\/lifefitnesscanada.com\/wp-content\/uploads\/2024\/11\/Pic-Page-Support-1024x540.png 1024w, https:\/\/lifefitnesscanada.com\/wp-content\/uploads\/2024\/11\/Pic-Page-Support-768x405.png 768w, https:\/\/lifefitnesscanada.com\/wp-content\/uploads\/2024\/11\/Pic-Page-Support-1536x811.png 1536w, https:\/\/lifefitnesscanada.com\/wp-content\/uploads\/2024\/11\/Pic-Page-Support-2048x1081.png 2048w\" sizes=\"auto, (max-width: 2471px) 100vw, 2471px\" \/><\/figure>\n\n\r\n\r\n\t<\/div>\r\n\r\n\t\r\n<\/section>","protected":false},"excerpt":{"rendered":"","protected":false},"author":4,"featured_media":0,"parent":0,"menu_order":0,"comment_status":"closed","ping_status":"closed","template":"","meta":{"_acf_changed":false,"footnotes":""},"class_list":["post-164","page","type-page","status-publish","hentry"],"acf":[],"_links":{"self":[{"href":"https:\/\/lifefitnesscanada.com\/fr\/wp-json\/wp\/v2\/pages\/164","targetHints":{"allow":["GET"]}}],"collection":[{"href":"https:\/\/lifefitnesscanada.com\/fr\/wp-json\/wp\/v2\/pages"}],"about":[{"href":"https:\/\/lifefitnesscanada.com\/fr\/wp-json\/wp\/v2\/types\/page"}],"author":[{"embeddable":true,"href":"https:\/\/lifefitnesscanada.com\/fr\/wp-json\/wp\/v2\/users\/4"}],"replies":[{"embeddable":true,"href":"https:\/\/lifefitnesscanada.com\/fr\/wp-json\/wp\/v2\/comments?post=164"}],"version-history":[{"count":0,"href":"https:\/\/lifefitnesscanada.com\/fr\/wp-json\/wp\/v2\/pages\/164\/revisions"}],"wp:attachment":[{"href":"https:\/\/lifefitnesscanada.com\/fr\/wp-json\/wp\/v2\/media?parent=164"}],"curies":[{"name":"wp","href":"https:\/\/api.w.org\/{rel}","templated":true}]}}