{"id":1282,"date":"2025-01-08T19:49:22","date_gmt":"2025-01-08T19:49:22","guid":{"rendered":"https:\/\/lifefitness26.wpenginepowered.com\/?page_id=1282"},"modified":"2025-03-18T17:22:56","modified_gmt":"2025-03-18T17:22:56","slug":"markets","status":"publish","type":"page","link":"https:\/\/lifefitnesscanada.com\/fr\/markets\/","title":{"rendered":"March\u00e9s"},"content":{"rendered":"<style>\r\n\t\t@media\r\n\t\tall and (max-width: 768px),\r\n\t\tall and (max-device-width: 768px)\r\n\t\t{\r\n\t\t\t#block_b42bb91760984be77b21cf03b4939f2a {\r\n\t\t\t\tpadding-left: 15px !important;padding-right: 15px !important;\t\t\t}\r\n\t\t}\r\n\t<\/style>\r\n\r\n<section class=\"Block-Section CLR alignfull\" id=\"block_b42bb91760984be77b21cf03b4939f2a\"\r\n\tstyle=\"padding-top: 60px;padding-bottom: 60px;\">\r\n\r\n\t\r\n\t\r\n\t<div class=\"Block-Section-Inner CLR\" style=\"max-width: 1280px;\">\r\n\r\n\t\t\n\n<h1 class=\"wp-block-heading No-Padding Line-Height-1-3\" style=\"font-size:2.5rem;font-style:normal;font-weight:400;letter-spacing:1px;text-transform:uppercase\">March\u00e9s<\/h1>\n\n\n\n<div class=\"wp-block-columns Mobile-No-Gap is-layout-flex wp-container-core-columns-is-layout-9d6595d7 wp-block-columns-is-layout-flex\">\n<div class=\"wp-block-column is-layout-flow wp-block-column-is-layout-flow\" style=\"flex-basis:52%\">\n<p>De la conception et de l&#039;am\u00e9nagement experts \u00e0 la s\u00e9lection des \u00e9quipements, en passant par l&#039;installation et le service apr\u00e8s-vente, notre objectif est d&#039;\u00eatre votre d\u00e9fenseur et votre ressource unique pour tout ce que vous faites en mati\u00e8re de fitness et de bien-\u00eatre.<\/p>\n<\/div>\n\n\n\n<div class=\"wp-block-column is-layout-flow wp-block-column-is-layout-flow\">\n<ul class=\"wp-block-list Market-Links\">\n<li><a href=\"#Health-Clubs\">CLUBS DE SANT\u00c9<\/a><\/li>\n\n\n\n<li><a href=\"#Multi-Unit-Housing\">LOGEMENTS MULTI-UNIT\u00c9S<\/a><\/li>\n\n\n\n<li><a href=\"#Municipal-Recreation-Centers\">CENTRES DE LOISIRS MUNICIPAUX<\/a><\/li>\n\n\n\n<li><a href=\"#Corporate-Fitness-Wellness-Centers\">CENTRES DE FITNESS ET DE BIEN-\u00caTRE EN ENTREPRISE<\/a><\/li>\n\n\n\n<li><a href=\"#Campuses\">CAMPUS<\/a><\/li>\n\n\n\n<li><a href=\"#Military-First-Responders\">MILITAIRES ET PREMIERS INTERVENANTS<\/a><\/li>\n\n\n\n<li><a href=\"#Hospitality\">HOSPITALIT\u00c9<\/a><\/li>\n\n\n\n<li><a href=\"#Home-Gyms\">SALLES DE SPORT \u00c0 DOMICILE<\/a><\/li>\n<\/ul>\n<\/div>\n<\/div>\n\n\r\n\r\n\t<\/div>\r\n\r\n\t\r\n<\/section>\r\n\n\n\n<div class=\"wp-block-media-text alignfull is-stacked-on-mobile is-image-fill-element wow fadeIn\" style=\"grid-template-columns:49% auto\" id=\"Health-Clubs\"><figure class=\"wp-block-media-text__media\"><img loading=\"lazy\" decoding=\"async\" width=\"1024\" height=\"683\" src=\"https:\/\/lifefitnesscanada.com\/wp-content\/uploads\/2025\/01\/Anytime-Fitness_2024_Fitness-Center2-1024x683.jpg\" alt=\"Commercial Gyms; Corporate Wellness Centres; Residential Fitness Centres; Campus Athletic Facilities; Municipalities; Police &amp; Fire Stations; Military Camps; Medical Facilities; Home Gyms and any type of fitness and wellness facility. \" class=\"wp-image-1718 size-full\" style=\"object-position:50% 50%\" srcset=\"https:\/\/lifefitnesscanada.com\/wp-content\/uploads\/2025\/01\/Anytime-Fitness_2024_Fitness-Center2-1024x683.jpg 1024w, https:\/\/lifefitnesscanada.com\/wp-content\/uploads\/2025\/01\/Anytime-Fitness_2024_Fitness-Center2-300x200.jpg 300w, https:\/\/lifefitnesscanada.com\/wp-content\/uploads\/2025\/01\/Anytime-Fitness_2024_Fitness-Center2-768x512.jpg 768w, https:\/\/lifefitnesscanada.com\/wp-content\/uploads\/2025\/01\/Anytime-Fitness_2024_Fitness-Center2-1536x1025.jpg 1536w, https:\/\/lifefitnesscanada.com\/wp-content\/uploads\/2025\/01\/Anytime-Fitness_2024_Fitness-Center2-2048x1366.jpg 2048w\" sizes=\"auto, (max-width: 1024px) 100vw, 1024px\" \/><\/figure><div class=\"wp-block-media-text__content\">\n<div style=\"height:100px\" aria-hidden=\"true\" class=\"wp-block-spacer Desktop-Only\"><\/div>\n\n\n\n<h2 class=\"wp-block-heading wow fadeInUp\">Clubs de sant\u00e9<\/h2>\n\n\n\n<p class=\"wow fadeInUp\">En tant qu&#039;op\u00e9rateurs, l&#039;approche collaborative de LIVunLtd prend en compte les besoins sp\u00e9cifiques d&#039;une installation commerciale pour s\u00e9lectionner des \u00e9quipements qui aident \u00e0 attirer de nouveaux membres, \u00e0 fid\u00e9liser et \u00e0 ravir les membres actuels, \u00e0 am\u00e9liorer l&#039;efficacit\u00e9 op\u00e9rationnelle et \u00e0 d\u00e9couvrir de nouvelles opportunit\u00e9s de g\u00e9n\u00e9rer des revenus. Depuis des d\u00e9cennies, notre \u00e9quipe de conseillers commerciaux experts a \u00e9quip\u00e9 des centaines d&#039;installations de toutes tailles et de tous styles avec une vaste gamme de produits du meilleur fabricant du secteur.<\/p>\n\n\n\n<div class=\"wp-block-buttons is-layout-flex wp-block-buttons-is-layout-flex\">\n<div class=\"wp-block-button wow fadeInUp\"><a class=\"wp-block-button__link wp-element-button\">Voir l&#039;\u00e9quipement<\/a><\/div>\n<\/div>\n\n\n\n<div style=\"height:100px\" aria-hidden=\"true\" class=\"wp-block-spacer Desktop-Only\"><\/div>\n<\/div><\/div>\n\n\n\n<div style=\"height:39px\" aria-hidden=\"true\" class=\"wp-block-spacer\"><\/div>\n\n\n\n<div class=\"wp-block-media-text alignfull has-media-on-the-right is-stacked-on-mobile is-image-fill-element wow fadeIn\" style=\"grid-template-columns:auto 49%\" id=\"Multi-Unit-Housing\"><div class=\"wp-block-media-text__content\">\n<div style=\"height:100px\" aria-hidden=\"true\" class=\"wp-block-spacer Desktop-Only\"><\/div>\n\n\n\n<h2 class=\"wp-block-heading wow fadeInUp\">Logements \u00e0 logements multiples<\/h2>\n\n\n\n<p class=\"wow fadeInUp\">LIVunLtd \u00e9quipe des installations r\u00e9sidentielles de fitness et de loisirs de toutes tailles et de toutes sortes. Budgets, efficacit\u00e9 de l&#039;espace, s\u00e9curit\u00e9 et fiabilit\u00e9, facilit\u00e9 d&#039;utilisation et engagement des r\u00e9sidents : nous comprenons que chaque propri\u00e9t\u00e9 est unique et nous avons l&#039;expertise pour vous aider \u00e0 atteindre les objectifs sp\u00e9cifiques de votre \u00e9tablissement.<\/p>\n\n\n\n<div class=\"wp-block-buttons is-layout-flex wp-block-buttons-is-layout-flex\">\n<div class=\"wp-block-button wow fadeInUp\"><a class=\"wp-block-button__link wp-element-button\">Voir l&#039;\u00e9quipement<\/a><\/div>\n<\/div>\n\n\n\n<div style=\"height:100px\" aria-hidden=\"true\" class=\"wp-block-spacer Desktop-Only\"><\/div>\n<\/div><figure class=\"wp-block-media-text__media\"><img loading=\"lazy\" decoding=\"async\" width=\"991\" height=\"542\" src=\"https:\/\/lifefitnesscanada.com\/wp-content\/uploads\/2025\/01\/Milieu_2024_Modern-Apartment.png\" alt=\"Commercial Gyms; Corporate Wellness Centres; Residential Fitness Centres; Campus Athletic Facilities; Municipalities; Police &amp; Fire Stations; Military Camps; Medical Facilities; Home Gyms and any type of fitness and wellness facility. \" class=\"wp-image-1714 size-full\" style=\"object-position:50% 50%\" srcset=\"https:\/\/lifefitnesscanada.com\/wp-content\/uploads\/2025\/01\/Milieu_2024_Modern-Apartment.png 991w, https:\/\/lifefitnesscanada.com\/wp-content\/uploads\/2025\/01\/Milieu_2024_Modern-Apartment-300x164.png 300w, https:\/\/lifefitnesscanada.com\/wp-content\/uploads\/2025\/01\/Milieu_2024_Modern-Apartment-768x420.png 768w\" sizes=\"auto, (max-width: 991px) 100vw, 991px\" \/><\/figure><\/div>\n\n\n\n<div style=\"height:39px\" aria-hidden=\"true\" class=\"wp-block-spacer\"><\/div>\n\n\n\n<div class=\"wp-block-media-text alignfull is-stacked-on-mobile is-image-fill-element wow fadeIn\" style=\"grid-template-columns:49% auto\" id=\"Municipal-Recreation-Centers\"><figure class=\"wp-block-media-text__media\"><img loading=\"lazy\" decoding=\"async\" width=\"1024\" height=\"768\" src=\"https:\/\/lifefitnesscanada.com\/wp-content\/uploads\/2025\/01\/The-Home-Court_2024_Fitness-Club_1-1024x768.jpg\" alt=\"Commercial Gyms; Corporate Wellness Centres; Residential Fitness Centres; Campus Athletic Facilities; Municipalities; Police &amp; Fire Stations; Military Camps; Medical Facilities; Home Gyms and any type of fitness and wellness facility. \" class=\"wp-image-1715 size-full\" style=\"object-position:50% 50%\" srcset=\"https:\/\/lifefitnesscanada.com\/wp-content\/uploads\/2025\/01\/The-Home-Court_2024_Fitness-Club_1-1024x768.jpg 1024w, https:\/\/lifefitnesscanada.com\/wp-content\/uploads\/2025\/01\/The-Home-Court_2024_Fitness-Club_1-300x225.jpg 300w, https:\/\/lifefitnesscanada.com\/wp-content\/uploads\/2025\/01\/The-Home-Court_2024_Fitness-Club_1-768x576.jpg 768w, https:\/\/lifefitnesscanada.com\/wp-content\/uploads\/2025\/01\/The-Home-Court_2024_Fitness-Club_1-1536x1152.jpg 1536w, https:\/\/lifefitnesscanada.com\/wp-content\/uploads\/2025\/01\/The-Home-Court_2024_Fitness-Club_1.jpg 2048w\" sizes=\"auto, (max-width: 1024px) 100vw, 1024px\" \/><\/figure><div class=\"wp-block-media-text__content\">\n<div style=\"height:100px\" aria-hidden=\"true\" class=\"wp-block-spacer Desktop-Only\"><\/div>\n\n\n\n<h2 class=\"wp-block-heading wow fadeInUp\">Centres de loisirs municipaux<\/h2>\n\n\n\n<p class=\"wow fadeInUp\">Les YMCA, les JCC et d&#039;innombrables centres de loisirs municipaux comptent sur LIVunLtd pour notre gamme de produits et pour nos conseils \u00e9clair\u00e9s tout au long du processus de s\u00e9lection de l&#039;\u00e9quipement. Au-del\u00e0 et apr\u00e8s la vente, vous pouvez compter sur LIVunLtd pour former et encadrer vos gestionnaires d&#039;installations sur la fa\u00e7on d&#039;utiliser et d&#039;entretenir chaque \u00e9quipement.<\/p>\n\n\n\n<div class=\"wp-block-buttons is-layout-flex wp-block-buttons-is-layout-flex\">\n<div class=\"wp-block-button wow fadeInUp\"><a class=\"wp-block-button__link wp-element-button\">Voir l&#039;\u00e9quipement<\/a><\/div>\n<\/div>\n\n\n\n<div style=\"height:100px\" aria-hidden=\"true\" class=\"wp-block-spacer Desktop-Only\"><\/div>\n<\/div><\/div>\n\n\n\n<div style=\"height:39px\" aria-hidden=\"true\" class=\"wp-block-spacer\"><\/div>\n\n\n\n<div class=\"wp-block-media-text alignfull has-media-on-the-right is-stacked-on-mobile is-image-fill-element wow fadeIn\" style=\"grid-template-columns:auto 49%\" id=\"Corporate-Fitness-Wellness-Centers\"><div class=\"wp-block-media-text__content\">\n<div style=\"height:100px\" aria-hidden=\"true\" class=\"wp-block-spacer Desktop-Only\"><\/div>\n\n\n\n<h2 class=\"wp-block-heading wow fadeInUp\">Centres de remise en forme et de bien-\u00eatre en entreprise<\/h2>\n\n\n\n<p class=\"wow fadeInUp\">Qu&#039;il s&#039;agisse de r\u00e9am\u00e9nager un petit espace dans votre bureau d&#039;entreprise ou de concevoir et d&#039;\u00e9quiper un centre de conditionnement physique \u00e0 grande \u00e9chelle pour les employ\u00e9s, le bien-\u00eatre au travail n\u00e9cessite un niveau d&#039;expertise que LIVunLtd apporte. Notre vaste exp\u00e9rience dans la conception, l&#039;\u00e9quipement et, dans de nombreux cas, l&#039;exploitation de centres de conditionnement physique d&#039;entreprise est sans \u00e9gal.<\/p>\n\n\n\n<div class=\"wp-block-buttons is-layout-flex wp-block-buttons-is-layout-flex\">\n<div class=\"wp-block-button wow fadeInUp\"><a class=\"wp-block-button__link wp-element-button\">Voir l&#039;\u00e9quipement<\/a><\/div>\n<\/div>\n\n\n\n<div style=\"height:100px\" aria-hidden=\"true\" class=\"wp-block-spacer Desktop-Only\"><\/div>\n<\/div><figure class=\"wp-block-media-text__media\"><img loading=\"lazy\" decoding=\"async\" width=\"1024\" height=\"575\" src=\"https:\/\/lifefitnesscanada.com\/wp-content\/uploads\/2025\/01\/Screenshot-2025-01-14-at-5.32.35-PM-1024x575.png\" alt=\"Commercial Gyms; Corporate Wellness Centres; Residential Fitness Centres; Campus Athletic Facilities; Municipalities; Police &amp; Fire Stations; Military Camps; Medical Facilities; Home Gyms and any type of fitness and wellness facility. \" class=\"wp-image-1725 size-full\" style=\"object-position:50% 50%\" srcset=\"https:\/\/lifefitnesscanada.com\/wp-content\/uploads\/2025\/01\/Screenshot-2025-01-14-at-5.32.35-PM-1024x575.png 1024w, https:\/\/lifefitnesscanada.com\/wp-content\/uploads\/2025\/01\/Screenshot-2025-01-14-at-5.32.35-PM-300x169.png 300w, https:\/\/lifefitnesscanada.com\/wp-content\/uploads\/2025\/01\/Screenshot-2025-01-14-at-5.32.35-PM-768x431.png 768w, https:\/\/lifefitnesscanada.com\/wp-content\/uploads\/2025\/01\/Screenshot-2025-01-14-at-5.32.35-PM.png 1342w\" sizes=\"auto, (max-width: 1024px) 100vw, 1024px\" \/><\/figure><\/div>\n\n\n\n<div style=\"height:39px\" aria-hidden=\"true\" class=\"wp-block-spacer\"><\/div>\n\n\n\n<div class=\"wp-block-media-text alignfull is-stacked-on-mobile is-image-fill-element wow fadeIn\" style=\"grid-template-columns:49% auto\" id=\"Campuses\"><figure class=\"wp-block-media-text__media\"><img loading=\"lazy\" decoding=\"async\" width=\"1024\" height=\"683\" src=\"https:\/\/lifefitnesscanada.com\/wp-content\/uploads\/2025\/01\/Pulse_PULSE-Althletics_-004-1024x683.jpg\" alt=\"Commercial Gyms; Corporate Wellness Centres; Residential Fitness Centres; Campus Athletic Facilities; Municipalities; Police &amp; Fire Stations; Military Camps; Medical Facilities; Home Gyms and any type of fitness and wellness facility. \" class=\"wp-image-1727 size-full\" style=\"object-position:50% 50%\" srcset=\"https:\/\/lifefitnesscanada.com\/wp-content\/uploads\/2025\/01\/Pulse_PULSE-Althletics_-004-1024x683.jpg 1024w, https:\/\/lifefitnesscanada.com\/wp-content\/uploads\/2025\/01\/Pulse_PULSE-Althletics_-004-300x200.jpg 300w, https:\/\/lifefitnesscanada.com\/wp-content\/uploads\/2025\/01\/Pulse_PULSE-Althletics_-004-768x512.jpg 768w, https:\/\/lifefitnesscanada.com\/wp-content\/uploads\/2025\/01\/Pulse_PULSE-Althletics_-004-1536x1024.jpg 1536w, https:\/\/lifefitnesscanada.com\/wp-content\/uploads\/2025\/01\/Pulse_PULSE-Althletics_-004-2048x1365.jpg 2048w\" sizes=\"auto, (max-width: 1024px) 100vw, 1024px\" \/><\/figure><div class=\"wp-block-media-text__content\">\n<div style=\"height:100px\" aria-hidden=\"true\" class=\"wp-block-spacer Desktop-Only\"><\/div>\n\n\n\n<h2 class=\"wp-block-heading wow fadeInUp\">Campus<\/h2>\n\n\n\n<p class=\"wow fadeInUp\">LIVunLtd dispose d&#039;une \u00e9quipe d&#039;experts sp\u00e9cialis\u00e9s dans le domaine de l&#039;athl\u00e9tisme sur le campus, et nous avons l&#039;exp\u00e9rience n\u00e9cessaire pour aider les entra\u00eeneurs et les directeurs sportifs \u00e0 concevoir, \u00e9quiper et entretenir un centre de remise en forme sur le campus qui aide \u00e0 maintenir vos athl\u00e8tes en pleine forme tout en attirant les meilleurs nouveaux athl\u00e8tes sur votre campus.<\/p>\n\n\n\n<div class=\"wp-block-buttons is-layout-flex wp-block-buttons-is-layout-flex\">\n<div class=\"wp-block-button wow fadeInUp\"><a class=\"wp-block-button__link wp-element-button\">Voir l&#039;\u00e9quipement<\/a><\/div>\n<\/div>\n\n\n\n<div style=\"height:100px\" aria-hidden=\"true\" class=\"wp-block-spacer Desktop-Only\"><\/div>\n<\/div><\/div>\n\n\n\n<div style=\"height:39px\" aria-hidden=\"true\" class=\"wp-block-spacer\"><\/div>\n\n\n\n<div class=\"wp-block-media-text alignfull has-media-on-the-right is-stacked-on-mobile is-image-fill-element wow fadeIn\" style=\"grid-template-columns:auto 49%\" id=\"Military-First-Responders\"><div class=\"wp-block-media-text__content\">\n<div style=\"height:100px\" aria-hidden=\"true\" class=\"wp-block-spacer Desktop-Only\"><\/div>\n\n\n\n<h2 class=\"wp-block-heading wow fadeInUp\">Militaires et premiers intervenants<\/h2>\n\n\n\n<p class=\"wow fadeInUp\">Les militaires et les premiers intervenants comptent sur un \u00e9quipement durable et de haute qualit\u00e9 pour maintenir leur condition physique, leur force et leur pr\u00e9paration au travail important qu&#039;ils accomplissent, et LIVunltd est fier de partager notre expertise et notre approche collaborative pour aider \u00e0 s\u00e9lectionner la bonne combinaison d&#039;\u00e9quipements pour l&#039;espace, les conditions et les besoins exacts de votre installation.<\/p>\n\n\n\n<div class=\"wp-block-buttons is-layout-flex wp-block-buttons-is-layout-flex\">\n<div class=\"wp-block-button wow fadeInUp\"><a class=\"wp-block-button__link wp-element-button\">Voir l&#039;\u00e9quipement<\/a><\/div>\n<\/div>\n\n\n\n<div style=\"height:100px\" aria-hidden=\"true\" class=\"wp-block-spacer Desktop-Only\"><\/div>\n<\/div><figure class=\"wp-block-media-text__media\"><img loading=\"lazy\" decoding=\"async\" width=\"1000\" height=\"670\" src=\"https:\/\/lifefitnesscanada.com\/wp-content\/uploads\/2025\/01\/Two-Military-Personnel-on-HD-Bike-0066.jpg\" alt=\"Commercial Gyms; Corporate Wellness Centres; Residential Fitness Centres; Campus Athletic Facilities; Municipalities; Police &amp; Fire Stations; Military Camps; Medical Facilities; Home Gyms and any type of fitness and wellness facility. \" class=\"wp-image-1723 size-full\" style=\"object-position:50% 50%\" srcset=\"https:\/\/lifefitnesscanada.com\/wp-content\/uploads\/2025\/01\/Two-Military-Personnel-on-HD-Bike-0066.jpg 1000w, https:\/\/lifefitnesscanada.com\/wp-content\/uploads\/2025\/01\/Two-Military-Personnel-on-HD-Bike-0066-300x201.jpg 300w, https:\/\/lifefitnesscanada.com\/wp-content\/uploads\/2025\/01\/Two-Military-Personnel-on-HD-Bike-0066-768x515.jpg 768w\" sizes=\"auto, (max-width: 1000px) 100vw, 1000px\" \/><\/figure><\/div>\n\n\n\n<div style=\"height:39px\" aria-hidden=\"true\" class=\"wp-block-spacer\"><\/div>\n\n\n\n<div class=\"wp-block-media-text alignfull is-stacked-on-mobile is-image-fill-element wow fadeIn\" style=\"grid-template-columns:49% auto\" id=\"Hospitality\"><figure class=\"wp-block-media-text__media\"><img loading=\"lazy\" decoding=\"async\" width=\"846\" height=\"505\" src=\"https:\/\/lifefitnesscanada.com\/wp-content\/uploads\/2025\/01\/Case-Study_Britannia.jpg\" alt=\"Commercial Gyms; Corporate Wellness Centres; Residential Fitness Centres; Campus Athletic Facilities; Municipalities; Police &amp; Fire Stations; Military Camps; Medical Facilities; Home Gyms and any type of fitness and wellness facility. \" class=\"wp-image-1728 size-full\" style=\"object-position:50% 50%\" srcset=\"https:\/\/lifefitnesscanada.com\/wp-content\/uploads\/2025\/01\/Case-Study_Britannia.jpg 846w, https:\/\/lifefitnesscanada.com\/wp-content\/uploads\/2025\/01\/Case-Study_Britannia-300x179.jpg 300w, https:\/\/lifefitnesscanada.com\/wp-content\/uploads\/2025\/01\/Case-Study_Britannia-768x458.jpg 768w\" sizes=\"auto, (max-width: 846px) 100vw, 846px\" \/><\/figure><div class=\"wp-block-media-text__content\">\n<div style=\"height:100px\" aria-hidden=\"true\" class=\"wp-block-spacer Desktop-Only\"><\/div>\n\n\n\n<h2 class=\"wp-block-heading wow fadeInUp\">Hospitalit\u00e9<\/h2>\n\n\n\n<p class=\"wow fadeInUp\">Nos racines dans l&#039;h\u00f4tellerie sont profondes et nous comprenons le r\u00f4le essentiel que joue votre offre de remise en forme et de bien-\u00eatre pour attirer les clients et contribuer \u00e0 cr\u00e9er une fid\u00e9lit\u00e9 \u00e0 votre marque et \u00e0 votre \u00e9tablissement. LIVunLtd propose la combinaison parfaite d&#039;options, notamment des options de remise en forme et de bien-\u00eatre en chambre et \u00e0 la demande.<\/p>\n\n\n\n<div class=\"wp-block-buttons is-layout-flex wp-block-buttons-is-layout-flex\">\n<div class=\"wp-block-button wow fadeInUp\"><a class=\"wp-block-button__link wp-element-button\">Voir l&#039;\u00e9quipement<\/a><\/div>\n<\/div>\n\n\n\n<div style=\"height:100px\" aria-hidden=\"true\" class=\"wp-block-spacer Desktop-Only\"><\/div>\n<\/div><\/div>\n\n\n\n<div style=\"height:39px\" aria-hidden=\"true\" class=\"wp-block-spacer\"><\/div>\n\n\n\n<div class=\"wp-block-media-text alignfull has-media-on-the-right is-stacked-on-mobile is-image-fill-element wow fadeIn\" style=\"grid-template-columns:auto 49%\" id=\"Home-Gyms\"><div class=\"wp-block-media-text__content\">\n<div style=\"height:100px\" aria-hidden=\"true\" class=\"wp-block-spacer Desktop-Only\"><\/div>\n\n\n\n<h2 class=\"wp-block-heading wow fadeInUp\">Salles de sport \u00e0 domicile<\/h2>\n\n\n\n<p class=\"wow fadeInUp\">L&#039;achat d&#039;\u00e9quipements de qualit\u00e9 commerciale et de pointe pour votre maison est un investissement qui m\u00e9rite un niveau d&#039;expertise sup\u00e9rieur que vous ne pouvez obtenir que chez un fournisseur exp\u00e9riment\u00e9 comme LIVunLtd. Que vous soyez un athl\u00e8te professionnel ou un passionn\u00e9 de fitness, LIVunLtd poss\u00e8de l&#039;expertise n\u00e9cessaire pour vous aider \u00e0 concr\u00e9tiser votre vision.<\/p>\n\n\n\n<div class=\"wp-block-buttons is-layout-flex wp-block-buttons-is-layout-flex\">\n<div class=\"wp-block-button wow fadeInUp\"><a class=\"wp-block-button__link wp-element-button\">Voir l&#039;\u00e9quipement<\/a><\/div>\n<\/div>\n\n\n\n<div style=\"height:100px\" aria-hidden=\"true\" class=\"wp-block-spacer Desktop-Only\"><\/div>\n<\/div><figure class=\"wp-block-media-text__media\"><img loading=\"lazy\" decoding=\"async\" width=\"1024\" height=\"768\" src=\"https:\/\/lifefitnesscanada.com\/wp-content\/uploads\/2025\/01\/Cottage-Gym_-2023_Home-Gym_3-1024x768.jpg\" alt=\"\" class=\"wp-image-1721 size-full\" style=\"object-position:50% 50%\" srcset=\"https:\/\/lifefitnesscanada.com\/wp-content\/uploads\/2025\/01\/Cottage-Gym_-2023_Home-Gym_3-1024x768.jpg 1024w, https:\/\/lifefitnesscanada.com\/wp-content\/uploads\/2025\/01\/Cottage-Gym_-2023_Home-Gym_3-300x225.jpg 300w, https:\/\/lifefitnesscanada.com\/wp-content\/uploads\/2025\/01\/Cottage-Gym_-2023_Home-Gym_3-768x576.jpg 768w, https:\/\/lifefitnesscanada.com\/wp-content\/uploads\/2025\/01\/Cottage-Gym_-2023_Home-Gym_3-1536x1152.jpg 1536w, https:\/\/lifefitnesscanada.com\/wp-content\/uploads\/2025\/01\/Cottage-Gym_-2023_Home-Gym_3-2048x1536.jpg 2048w\" sizes=\"auto, (max-width: 1024px) 100vw, 1024px\" \/><\/figure><\/div>\n\n\n\n<div style=\"height:145px\" aria-hidden=\"true\" class=\"wp-block-spacer\"><\/div>","protected":false},"excerpt":{"rendered":"","protected":false},"author":4,"featured_media":0,"parent":0,"menu_order":0,"comment_status":"closed","ping_status":"closed","template":"","meta":{"_acf_changed":false,"footnotes":""},"class_list":["post-1282","page","type-page","status-publish","hentry"],"acf":[],"_links":{"self":[{"href":"https:\/\/lifefitnesscanada.com\/fr\/wp-json\/wp\/v2\/pages\/1282","targetHints":{"allow":["GET"]}}],"collection":[{"href":"https:\/\/lifefitnesscanada.com\/fr\/wp-json\/wp\/v2\/pages"}],"about":[{"href":"https:\/\/lifefitnesscanada.com\/fr\/wp-json\/wp\/v2\/types\/page"}],"author":[{"embeddable":true,"href":"https:\/\/lifefitnesscanada.com\/fr\/wp-json\/wp\/v2\/users\/4"}],"replies":[{"embeddable":true,"href":"https:\/\/lifefitnesscanada.com\/fr\/wp-json\/wp\/v2\/comments?post=1282"}],"version-history":[{"count":0,"href":"https:\/\/lifefitnesscanada.com\/fr\/wp-json\/wp\/v2\/pages\/1282\/revisions"}],"wp:attachment":[{"href":"https:\/\/lifefitnesscanada.com\/fr\/wp-json\/wp\/v2\/media?parent=1282"}],"curies":[{"name":"wp","href":"https:\/\/api.w.org\/{rel}","templated":true}]}}