{"id":104,"date":"2024-11-20T16:26:32","date_gmt":"2024-11-20T16:26:32","guid":{"rendered":"https:\/\/lifefitness26.wpenginepowered.com\/?page_id=104"},"modified":"2025-02-21T19:50:25","modified_gmt":"2025-02-21T19:50:25","slug":"digital-solutions","status":"publish","type":"page","link":"https:\/\/lifefitnesscanada.com\/fr\/digital-solutions\/","title":{"rendered":"Solutions num\u00e9riques"},"content":{"rendered":"<style>\r\n\t\t@media\r\n\t\tall and (max-width: 768px),\r\n\t\tall and (max-device-width: 768px)\r\n\t\t{\r\n\t\t\t#block_07819000e36fa1a835ae366372e2bbc2 {\r\n\t\t\t\tpadding-left: 15px !important;padding-right: 15px !important;\t\t\t}\r\n\t\t}\r\n\t<\/style>\r\n\r\n<section class=\"Block-Section CLR alignfull\" id=\"block_07819000e36fa1a835ae366372e2bbc2\"\r\n\tstyle=\"padding-top: 60px;\">\r\n\r\n\t\r\n\t\r\n\t<div class=\"Block-Section-Inner CLR\" style=\"max-width: 1280px;\">\r\n\r\n\t\t\n\n<div class=\"wp-block-columns Mobile-No-Gap is-layout-flex wp-container-core-columns-is-layout-9d6595d7 wp-block-columns-is-layout-flex\">\n<div class=\"wp-block-column is-layout-flow wp-block-column-is-layout-flow\">\n<h1 class=\"wp-block-heading No-Padding Line-Height-1-3\" style=\"font-size:2.5rem;font-style:normal;font-weight:400;letter-spacing:1px;text-transform:uppercase\">Solutions num\u00e9riques<\/h1>\n<\/div>\n\n\n\n<div class=\"wp-block-column is-layout-flow wp-block-column-is-layout-flow\">\n<p>Les \u00e9quipements Life Fitness et Hammer Strength incluent des solutions num\u00e9riques gratuites pour vous aider \u00e0 maximiser la dur\u00e9e de vie des \u00e9quipements, \u00e0 personnaliser les \u00e9crans d&#039;interface, \u00e0 prendre des d\u00e9cisions bas\u00e9es sur les donn\u00e9es et \u00e0 connecter de mani\u00e8re transparente l&#039;ensemble de votre op\u00e9ration pour lib\u00e9rer tout le potentiel de votre investissement.<\/p>\n<\/div>\n<\/div>\n\n\n\n<div style=\"height:60px\" aria-hidden=\"true\" class=\"wp-block-spacer Desktop-Only\"><\/div>\n\n\n\n<div style=\"height:30px\" aria-hidden=\"true\" class=\"wp-block-spacer Mobile-Only\"><\/div>\n\n\n\n<figure class=\"wp-block-image size-full Display-Block Margin-Auto\"><img loading=\"lazy\" decoding=\"async\" width=\"2607\" height=\"1353\" src=\"https:\/\/lifefitnesscanada.com\/wp-content\/uploads\/2024\/11\/Pic-Page-Digital-Solutions.png\" alt=\"\" class=\"wp-image-215\" srcset=\"https:\/\/lifefitnesscanada.com\/wp-content\/uploads\/2024\/11\/Pic-Page-Digital-Solutions.png 2607w, https:\/\/lifefitnesscanada.com\/wp-content\/uploads\/2024\/11\/Pic-Page-Digital-Solutions-300x156.png 300w, https:\/\/lifefitnesscanada.com\/wp-content\/uploads\/2024\/11\/Pic-Page-Digital-Solutions-1024x531.png 1024w, https:\/\/lifefitnesscanada.com\/wp-content\/uploads\/2024\/11\/Pic-Page-Digital-Solutions-768x399.png 768w, https:\/\/lifefitnesscanada.com\/wp-content\/uploads\/2024\/11\/Pic-Page-Digital-Solutions-1536x797.png 1536w, https:\/\/lifefitnesscanada.com\/wp-content\/uploads\/2024\/11\/Pic-Page-Digital-Solutions-2048x1063.png 2048w\" sizes=\"auto, (max-width: 2607px) 100vw, 2607px\" \/><\/figure>\n\n\n\n<div style=\"height:30px\" aria-hidden=\"true\" class=\"wp-block-spacer\"><\/div>\n\n\n\r\n\r\n\t<section class=\"Block-Sections CLR alignfull\" id=\"block_20e781daf229df8cd3958a6e6b3a9ecd\">\r\n\t\t\r\n\t\t\t\r\n\t\t\t<div class=\"Block-Sections-Item wow fadeIn\" id=\"Block-Sections-Item-facility-connect\" data-slug=\"facility-connect\">\r\n\r\n\t\t\t\t<button class=\"Block-Sections-Item-Top\" type=\"button\">\r\n\t\t\t\t\t<span>Connexion aux installations<\/span>\r\n\t\t\t\t<\/button>\r\n\r\n\t\t\t\t<div class=\"Block-Sections-Item-Main\">\r\n\t\t\t\t\t<div class=\"Block-Sections-Item-Main-Inner\">\r\n\r\n\t\t\t\t\t\t<button class=\"Block-Sections-Item-Close\" type=\"button\">\r\n\t\t\t\t\t\t\t<i class=\"far fa-times\"><\/i>\r\n\t\t\t\t\t\t<\/button>\r\n\r\n\t\t\t\t\t\t\t\t\t\t\t\t\t<div class=\"Block-Sections-Item-Image\">\r\n\t\t\t\t\t\t\t\t<img loading=\"lazy\" decoding=\"async\" width=\"900\" height=\"896\" src=\"https:\/\/lifefitnesscanada.com\/wp-content\/uploads\/2025\/01\/Screenshot-2025-01-14-at-4.58.01-PM-1024x1019.png\" class=\"attachment-large size-large\" alt=\"\" srcset=\"https:\/\/lifefitnesscanada.com\/wp-content\/uploads\/2025\/01\/Screenshot-2025-01-14-at-4.58.01-PM-1024x1019.png 1024w, https:\/\/lifefitnesscanada.com\/wp-content\/uploads\/2025\/01\/Screenshot-2025-01-14-at-4.58.01-PM-300x300.png 300w, https:\/\/lifefitnesscanada.com\/wp-content\/uploads\/2025\/01\/Screenshot-2025-01-14-at-4.58.01-PM-150x150.png 150w, https:\/\/lifefitnesscanada.com\/wp-content\/uploads\/2025\/01\/Screenshot-2025-01-14-at-4.58.01-PM-768x765.png 768w, https:\/\/lifefitnesscanada.com\/wp-content\/uploads\/2025\/01\/Screenshot-2025-01-14-at-4.58.01-PM.png 1356w\" sizes=\"auto, (max-width: 900px) 100vw, 900px\" \/>\t\t\t\t\t\t\t<\/div>\r\n\t\t\t\t\t\t\r\n\t\t\t\t\t\t<div class=\"Block-Sections-Item-Content\">\r\n\t\t\t\t\t\t\t<h2>Connexion aux installations<\/h2>\r\n\r\n\t\t\t\t\t\t\t<div class=\"Block-Sections-Item-Content-Inner\">\r\n\t\t\t\t\t\t\t\t<p class=\"rich-text contains-links text-14-18 leading-140 font-montserrat text-white brand-colorway-red colorway-light links-white contains-tables rte-mt mt-24 max-w-480 transition-medium opacity-1 transform-none\" role=\"presentation\" data-hook=\"scrollTables videoRatios conformRichText intersectionAnimation.subject\" data-video-keywords=\"youtube vimeo wistia\" data-video-ratio=\"aspect-ratio-16\/9\" data-video-layout=\"max-w-800 mx-auto my-16\" data-table-container=\"contains-tables\" data-class-active=\"opacity-1 transform-none\" data-class-inactive=\"opacity-0 transform-t-16\" data-controller-index=\"38\">Lib\u00e9rez tout le potentiel de votre \u00e9quipement Life Fitness avec Facility Connect. Notre solution de pointe vous permet de prolonger la dur\u00e9e de vie de votre \u00e9quipement, de personnaliser l&#039;exp\u00e9rience utilisateur et de prendre des d\u00e9cisions \u00e9clair\u00e9es et bas\u00e9es sur les donn\u00e9es sans effort. Am\u00e9liorez vos op\u00e9rations commerciales en un seul clic.<\/p>\n<h4><strong>GESTION DES \u00c9QUIPEMENTS BAS\u00c9E SUR LES DONN\u00c9ES<\/strong><\/h4>\n<p>B\u00e9n\u00e9ficiez d&#039;un acc\u00e8s en temps r\u00e9el aux mises \u00e0 jour et aux besoins de maintenance de vos \u00e9quipements. Notre approche connect\u00e9e garantit le bon fonctionnement et l&#039;efficacit\u00e9 de votre installation, prolongeant ainsi la dur\u00e9e de vie de vos \u00e9quipements et minimisant les temps d&#039;arr\u00eat. Nos analyses avanc\u00e9es permettent aux exploitants d&#039;installations de prendre des d\u00e9cisions plus intelligentes, bas\u00e9es sur les donn\u00e9es, optimisant ainsi les performances globales et l&#039;exp\u00e9rience utilisateur de votre installation.<\/p>\n<h4><strong>RENFORCEMENT DE LA MARQUE<\/strong><\/h4>\n<p>Am\u00e9liorez la notori\u00e9t\u00e9 de votre marque gr\u00e2ce \u00e0 de puissants outils de personnalisation qui mettent votre marque en avant. Des \u00e9crans d&#039;attraction de marque aux s\u00e9ances d&#039;entra\u00eenement personnalis\u00e9es et aux vid\u00e9os personnalis\u00e9es, ces fonctionnalit\u00e9s am\u00e9liorent l&#039;exp\u00e9rience des membres tout en renfor\u00e7ant l&#039;identit\u00e9 de la marque et la fid\u00e9lit\u00e9.<\/p>\n\t\t\t\t\t\t\t<\/div>\r\n\r\n\t\t\t\t\t\t\t\t\t\t\t\t\t<\/div>\r\n\r\n\t\t\t\t\t<\/div>\r\n\t\t\t\t<\/div>\r\n\r\n\t\t\t<\/div>\r\n\r\n\t\t\r\n\t\t\t\r\n\t\t\t<div class=\"Block-Sections-Item wow fadeIn\" id=\"Block-Sections-Item-connect-kit\" data-slug=\"connect-kit\">\r\n\r\n\t\t\t\t<button class=\"Block-Sections-Item-Top\" type=\"button\">\r\n\t\t\t\t\t<span>Kit de connexion<\/span>\r\n\t\t\t\t<\/button>\r\n\r\n\t\t\t\t<div class=\"Block-Sections-Item-Main\">\r\n\t\t\t\t\t<div class=\"Block-Sections-Item-Main-Inner\">\r\n\r\n\t\t\t\t\t\t<button class=\"Block-Sections-Item-Close\" type=\"button\">\r\n\t\t\t\t\t\t\t<i class=\"far fa-times\"><\/i>\r\n\t\t\t\t\t\t<\/button>\r\n\r\n\t\t\t\t\t\t\t\t\t\t\t\t\t<div class=\"Block-Sections-Item-Image\">\r\n\t\t\t\t\t\t\t\t<img loading=\"lazy\" decoding=\"async\" width=\"900\" height=\"640\" src=\"https:\/\/lifefitnesscanada.com\/wp-content\/uploads\/2025\/01\/connect-kit-1024x728.png\" class=\"attachment-large size-large\" alt=\"\" srcset=\"https:\/\/lifefitnesscanada.com\/wp-content\/uploads\/2025\/01\/connect-kit-1024x728.png 1024w, https:\/\/lifefitnesscanada.com\/wp-content\/uploads\/2025\/01\/connect-kit-300x213.png 300w, https:\/\/lifefitnesscanada.com\/wp-content\/uploads\/2025\/01\/connect-kit-768x546.png 768w, https:\/\/lifefitnesscanada.com\/wp-content\/uploads\/2025\/01\/connect-kit-1536x1091.png 1536w, https:\/\/lifefitnesscanada.com\/wp-content\/uploads\/2025\/01\/connect-kit.png 1824w\" sizes=\"auto, (max-width: 900px) 100vw, 900px\" \/>\t\t\t\t\t\t\t<\/div>\r\n\t\t\t\t\t\t\r\n\t\t\t\t\t\t<div class=\"Block-Sections-Item-Content\">\r\n\t\t\t\t\t\t\t<h2>Kit de connexion<\/h2>\r\n\r\n\t\t\t\t\t\t\t<div class=\"Block-Sections-Item-Content-Inner\">\r\n\t\t\t\t\t\t\t\t<p class=\"rich-text contains-links text-14-18 leading-140 font-montserrat text-white brand-colorway-red colorway-light links-white contains-tables rte-mt mt-24 max-w-480 transition-medium opacity-1 transform-none\" role=\"presentation\" data-hook=\"scrollTables videoRatios conformRichText intersectionAnimation.subject\" data-video-keywords=\"youtube vimeo wistia\" data-video-ratio=\"aspect-ratio-16\/9\" data-video-layout=\"max-w-800 mx-auto my-16\" data-table-container=\"contains-tables\" data-class-active=\"opacity-1 transform-none\" data-class-inactive=\"opacity-0 transform-t-16\" data-controller-index=\"71\">D\u00e9couvrez le kit Life Fitness Connect et transformez vos stations de musculation et d&#039;entra\u00eenement. D\u00e9couvrez comment nos outils innovants optimisent vos s\u00e9ances d&#039;entra\u00eenement, am\u00e9liorent l&#039;exp\u00e9rience utilisateur et augmentent le retour sur investissement. Explorez les avantages d&#039;une exp\u00e9rience de fitness connect\u00e9e et voyez comment vous pouvez offrir \u00e0 vos membres des s\u00e9ances d&#039;entra\u00eenement personnalis\u00e9es et bas\u00e9es sur les donn\u00e9es. Augmentez votre retour sur investissement en offrant \u00e0 vos membres une exp\u00e9rience connect\u00e9e qui donne vie \u00e0 vos stations de musculation et d&#039;entra\u00eenement.<\/p>\n<h4 role=\"presentation\" data-hook=\"scrollTables videoRatios conformRichText intersectionAnimation.subject\" data-video-keywords=\"youtube vimeo wistia\" data-video-ratio=\"aspect-ratio-16\/9\" data-video-layout=\"max-w-800 mx-auto my-16\" data-table-container=\"contains-tables\" data-class-active=\"opacity-1 transform-none\" data-class-inactive=\"opacity-0 transform-t-16\" data-controller-index=\"71\"><strong>CAPTEUR DE PUCK<\/strong><\/h4>\n<p role=\"presentation\" data-hook=\"scrollTables videoRatios conformRichText intersectionAnimation.subject\" data-video-keywords=\"youtube vimeo wistia\" data-video-ratio=\"aspect-ratio-16\/9\" data-video-layout=\"max-w-800 mx-auto my-16\" data-table-container=\"contains-tables\" data-class-active=\"opacity-1 transform-none\" data-class-inactive=\"opacity-0 transform-t-16\" data-controller-index=\"71\">Suivez vos progr\u00e8s et enregistrez vos s\u00e9ances d&#039;entra\u00eenement sans effort d&#039;une simple pression sur votre t\u00e9l\u00e9phone. Le capteur Puck fournit un contenu personnalis\u00e9 adapt\u00e9 \u00e0 diff\u00e9rentes zones d&#039;entra\u00eenement, am\u00e9liorant l&#039;exp\u00e9rience utilisateur et garantissant des s\u00e9ances d&#039;entra\u00eenement personnalis\u00e9es et bas\u00e9es sur les donn\u00e9es. Vous pouvez m\u00eame mettre en ligne des \u00e9quipements hors ligne en faisant correspondre le contenu du Puck dans les zones d&#039;halt\u00e9rophilie.<\/p>\n<h4 role=\"presentation\" data-hook=\"scrollTables videoRatios conformRichText intersectionAnimation.subject\" data-video-keywords=\"youtube vimeo wistia\" data-video-ratio=\"aspect-ratio-16\/9\" data-video-layout=\"max-w-800 mx-auto my-16\" data-table-container=\"contains-tables\" data-class-active=\"opacity-1 transform-none\" data-class-inactive=\"opacity-0 transform-t-16\" data-controller-index=\"71\"><strong>UNIT\u00c9 PRINCIPALE<\/strong><\/h4>\n<p role=\"presentation\" data-hook=\"scrollTables videoRatios conformRichText intersectionAnimation.subject\" data-video-keywords=\"youtube vimeo wistia\" data-video-ratio=\"aspect-ratio-16\/9\" data-video-layout=\"max-w-800 mx-auto my-16\" data-table-container=\"contains-tables\" data-class-active=\"opacity-1 transform-none\" data-class-inactive=\"opacity-0 transform-t-16\" data-controller-index=\"71\">Placez-le sur la pile de poids pour un retour d&#039;information en temps r\u00e9el. L&#039;unit\u00e9 principale permet d&#039;am\u00e9liorer la technique et de pr\u00e9venir les blessures en fournissant des informations instantan\u00e9es et exploitables pendant les s\u00e9ances d&#039;entra\u00eenement. Associ\u00e9e \u00e0 un support de t\u00e9l\u00e9phone, cette technologie \u00e9limine les incertitudes gr\u00e2ce \u00e0 des s\u00e9ances d&#039;entra\u00eenement interactives, garantissant une exp\u00e9rience d&#039;exercice fluide et engageante.<\/p>\n<div role=\"presentation\" data-hook=\"scrollTables videoRatios conformRichText intersectionAnimation.subject\" data-video-keywords=\"youtube vimeo wistia\" data-video-ratio=\"aspect-ratio-16\/9\" data-video-layout=\"max-w-800 mx-auto my-16\" data-table-container=\"contains-tables\" data-class-active=\"opacity-1 transform-none\" data-class-inactive=\"opacity-0 transform-t-16\" data-controller-index=\"71\"><\/div>\n<div role=\"presentation\" data-hook=\"scrollTables videoRatios conformRichText intersectionAnimation.subject\" data-video-keywords=\"youtube vimeo wistia\" data-video-ratio=\"aspect-ratio-16\/9\" data-video-layout=\"max-w-800 mx-auto my-16\" data-table-container=\"contains-tables\" data-class-active=\"opacity-1 transform-none\" data-class-inactive=\"opacity-0 transform-t-16\" data-controller-index=\"71\"><\/div>\n\t\t\t\t\t\t\t<\/div>\r\n\r\n\t\t\t\t\t\t\t\t\t\t\t\t\t<\/div>\r\n\r\n\t\t\t\t\t<\/div>\r\n\t\t\t\t<\/div>\r\n\r\n\t\t\t<\/div>\r\n\r\n\t\t\r\n\t\t\t\r\n\t\t\t<div class=\"Block-Sections-Item wow fadeIn\" id=\"Block-Sections-Item-lifefitness-on-demand\" data-slug=\"lifefitness-on-demand\">\r\n\r\n\t\t\t\t<button class=\"Block-Sections-Item-Top\" type=\"button\">\r\n\t\t\t\t\t<span>LifeFitness \u00e0 la demande+<\/span>\r\n\t\t\t\t<\/button>\r\n\r\n\t\t\t\t<div class=\"Block-Sections-Item-Main\">\r\n\t\t\t\t\t<div class=\"Block-Sections-Item-Main-Inner\">\r\n\r\n\t\t\t\t\t\t<button class=\"Block-Sections-Item-Close\" type=\"button\">\r\n\t\t\t\t\t\t\t<i class=\"far fa-times\"><\/i>\r\n\t\t\t\t\t\t<\/button>\r\n\r\n\t\t\t\t\t\t\t\t\t\t\t\t\t<div class=\"Block-Sections-Item-Image\">\r\n\t\t\t\t\t\t\t\t<img loading=\"lazy\" decoding=\"async\" width=\"900\" height=\"692\" src=\"https:\/\/lifefitnesscanada.com\/wp-content\/uploads\/2025\/01\/Screenshot-2025-01-23-at-12.27.17-PM-1024x787.png\" class=\"attachment-large size-large\" alt=\"\" srcset=\"https:\/\/lifefitnesscanada.com\/wp-content\/uploads\/2025\/01\/Screenshot-2025-01-23-at-12.27.17-PM-1024x787.png 1024w, https:\/\/lifefitnesscanada.com\/wp-content\/uploads\/2025\/01\/Screenshot-2025-01-23-at-12.27.17-PM-300x230.png 300w, https:\/\/lifefitnesscanada.com\/wp-content\/uploads\/2025\/01\/Screenshot-2025-01-23-at-12.27.17-PM-768x590.png 768w, https:\/\/lifefitnesscanada.com\/wp-content\/uploads\/2025\/01\/Screenshot-2025-01-23-at-12.27.17-PM-1536x1180.png 1536w, https:\/\/lifefitnesscanada.com\/wp-content\/uploads\/2025\/01\/Screenshot-2025-01-23-at-12.27.17-PM.png 1622w\" sizes=\"auto, (max-width: 900px) 100vw, 900px\" \/>\t\t\t\t\t\t\t<\/div>\r\n\t\t\t\t\t\t\r\n\t\t\t\t\t\t<div class=\"Block-Sections-Item-Content\">\r\n\t\t\t\t\t\t\t<h2>LifeFitness \u00e0 la demande+<\/h2>\r\n\r\n\t\t\t\t\t\t\t<div class=\"Block-Sections-Item-Content-Inner\">\r\n\t\t\t\t\t\t\t\t<div class=\"rich-text contains-links text-14-18 leading-140 font-montserrat text-white brand-colorway-red colorway-light links-white contains-tables rte-mt mt-24 max-w-480 transition-medium opacity-1 transform-none\" role=\"presentation\" data-hook=\"scrollTables videoRatios conformRichText intersectionAnimation.subject\" data-video-keywords=\"youtube vimeo wistia\" data-video-ratio=\"aspect-ratio-16\/9\" data-video-layout=\"max-w-800 mx-auto my-16\" data-table-container=\"contains-tables\" data-class-active=\"opacity-1 transform-none\" data-class-inactive=\"opacity-0 transform-t-16\" data-controller-index=\"45\">\n<section class=\"fifty--section bg-white px-sides sibling-direct sibling-direct:border-t-16 border-white border-solid\" data-hook=\"intersectionAnimation\" data-animation-delay=\"200\" data-class-active=\"opacity-1 transform-none\" data-class-inactive=\"opacity-0 transform-t-16\" data-controller-index=\"34\">\n<div class=\"fifty-fifty--wrap max-w-1600 mx-auto overflow-hidden p-relative bg-black focus-region-white 960:d-flex items-stretch justify-center 960:min-h-33vw 1920:min-h-640\" role=\"presentation\">\n<div class=\"fifty--contents--wrap d-flex items-center flex-grow 960:ml-auto 960:w-1\/2 p-relative -mt-96 640:-mt-192 960:mt-0 bg-vr-black80-black-96 640:bg-vr-black80-black-192 960:bg-black\" role=\"presentation\">\n<div class=\"fifty--contents max-w-800 p-relative py-32 px-sides 960:pt-96 960:pb-96 960:px-32 1120:px-64 1360:px-96 transition-medium transform-none opacity-1\" role=\"presentation\" data-class-active=\"transform-none opacity-1\" data-class-inactive=\"transform-t-16 800:transform-r-32 opacity-0\" data-hook=\"intersectionAnimation.subject\">\n<div class=\"rich-text contains-links text-14-18 leading-140 font-montserrat text-white brand-colorway-red colorway-dark links-white contains-tables mt-24\" role=\"presentation\" data-hook=\"scrollTables videoRatios conformRichText\" data-video-keywords=\"youtube vimeo wistia\" data-video-ratio=\"aspect-ratio-16\/9\" data-video-layout=\"max-w-800 mx-auto my-16\" data-table-container=\"contains-tables\" data-controller-index=\"47\">\n<h4><strong>ENTRA\u00ceNEMENTS \u00c0 LA DEMANDE<\/strong><\/h4>\n<p>Plus de 400 s\u00e9ances d&#039;entra\u00eenement dirig\u00e9es par un instructeur sont disponibles sur des tapis de course, des v\u00e9los elliptiques, des v\u00e9los, des PowerMills et des Arc Trainers. Les cours varient en termes de niveaux de difficult\u00e9 et sont dirig\u00e9s par les meilleurs instructeurs du monde entier pour que vos sportifs obtiennent des r\u00e9sultats. Disponible en anglais, espagnol, allemand, fran\u00e7ais, japonais et russe.<\/p>\n<section class=\"fifty--section bg-white px-sides sibling-direct sibling-direct:border-t-16 border-white border-solid\" data-hook=\"intersectionAnimation\" data-animation-delay=\"200\" data-class-active=\"opacity-1 transform-none\" data-class-inactive=\"opacity-0 transform-t-16\" data-controller-index=\"35\">\n<div class=\"fifty-fifty--wrap max-w-1600 mx-auto overflow-hidden p-relative bg-black focus-region-white 960:d-flex 960:flex-row-reverse items-stretch justify-center 960:min-h-33vw 1920:min-h-640\" role=\"presentation\">\n<div class=\"fifty--contents--wrap d-flex items-center flex-grow justify-end 960:w-1\/2 p-relative -mt-96 640:-mt-192 960:mt-0 bg-vr-black80-black-96 640:bg-vr-black80-black-192 960:bg-black\" role=\"presentation\">\n<div class=\"fifty--contents max-w-800 p-relative py-32 px-sides 960:pt-96 960:pb-96 960:px-32 1120:px-64 1360:px-96 transition-medium transform-none opacity-1\" role=\"presentation\" data-class-active=\"transform-none opacity-1\" data-class-inactive=\"transform-t-16 800:transform-l-32 opacity-0\" data-hook=\"intersectionAnimation.subject\">\n<div class=\"rich-text contains-links text-14-18 leading-140 font-montserrat text-white brand-colorway-red colorway-dark links-white contains-tables mt-24\" role=\"presentation\" data-hook=\"scrollTables videoRatios conformRichText\" data-video-keywords=\"youtube vimeo wistia\" data-video-ratio=\"aspect-ratio-16\/9\" data-video-layout=\"max-w-800 mx-auto my-16\" data-table-container=\"contains-tables\" data-controller-index=\"48\">\n<h4><strong>TERRAINS INTERACTIFS<\/strong><\/h4>\n<p>Plus de 100 parcours de course et de v\u00e9lo \u00e0 travers des paysages \u00e9poustouflants \u00e0 travers le monde. L&#039;inclinaison et la r\u00e9sistance s&#039;adaptent au terrain pour une exp\u00e9rience immersive qui permet aux sportifs de s&#039;entra\u00eener \u00e0 des intensit\u00e9s plus \u00e9lev\u00e9es et de perdre la notion du temps.<\/p>\n<\/div>\n<\/div>\n<\/div>\n<\/div>\n<\/section>\n<\/div>\n<\/div>\n<\/div>\n<\/div>\n<\/section>\n<\/div>\n\t\t\t\t\t\t\t<\/div>\r\n\r\n\t\t\t\t\t\t\t\t\t\t\t\t\t<\/div>\r\n\r\n\t\t\t\t\t<\/div>\r\n\t\t\t\t<\/div>\r\n\r\n\t\t\t<\/div>\r\n\r\n\t\t\t<\/section>\r\n\n\r\n\r\n\t<\/div>\r\n\r\n\t\r\n<\/section>\r\n\n\n\n<p><\/p>","protected":false},"excerpt":{"rendered":"","protected":false},"author":4,"featured_media":0,"parent":0,"menu_order":0,"comment_status":"closed","ping_status":"closed","template":"","meta":{"_acf_changed":false,"footnotes":""},"class_list":["post-104","page","type-page","status-publish","hentry"],"acf":[],"_links":{"self":[{"href":"https:\/\/lifefitnesscanada.com\/fr\/wp-json\/wp\/v2\/pages\/104","targetHints":{"allow":["GET"]}}],"collection":[{"href":"https:\/\/lifefitnesscanada.com\/fr\/wp-json\/wp\/v2\/pages"}],"about":[{"href":"https:\/\/lifefitnesscanada.com\/fr\/wp-json\/wp\/v2\/types\/page"}],"author":[{"embeddable":true,"href":"https:\/\/lifefitnesscanada.com\/fr\/wp-json\/wp\/v2\/users\/4"}],"replies":[{"embeddable":true,"href":"https:\/\/lifefitnesscanada.com\/fr\/wp-json\/wp\/v2\/comments?post=104"}],"version-history":[{"count":0,"href":"https:\/\/lifefitnesscanada.com\/fr\/wp-json\/wp\/v2\/pages\/104\/revisions"}],"wp:attachment":[{"href":"https:\/\/lifefitnesscanada.com\/fr\/wp-json\/wp\/v2\/media?parent=104"}],"curies":[{"name":"wp","href":"https:\/\/api.w.org\/{rel}","templated":true}]}}